{"id":454,"date":"2020-05-11T06:04:34","date_gmt":"2020-05-11T06:04:34","guid":{"rendered":"https:\/\/inorma.com.tr\/?page_id=454"},"modified":"2020-07-02T22:29:03","modified_gmt":"2020-07-02T22:29:03","slug":"zip-curtain","status":"publish","type":"page","link":"https:\/\/www.inorma.com.tr\/english\/zip-curtain\/","title":{"rendered":"Zip Curtain"},"content":{"rendered":"\n<p><span class=\"has-inline-color has-quaternary-color\"><a href=\"https:\/\/inorma.com.tr\/projeler\/\" target=\"_blank\" rel=\"noreferrer noopener\">Please click<\/a> to see our Zip Curtain Projects.<\/span><\/p>\n\n\n\n<h4 class=\"wp-block-heading\"><strong><a href=\"\/zipperde\">Zip Curtain<\/a><\/strong><\/h4>\n\n\n\n<p><span class=\"has-inline-color has-quaternary-color\">If you want to buy a simple, extremely strong and durable, flexible roller blind, Zip Curtain will meet your needs. In the production of this curtain, Serge Ferrari technology, which is considered as the highest technology in the world, was used. With this technology, Zip Curtain has become very special and different product.<\/span><\/p>\n\n\n\n<figure class=\"wp-block-gallery columns-4 is-cropped wp-block-gallery-1 is-layout-flex wp-block-gallery-is-layout-flex\"><ul class=\"blocks-gallery-grid\"><li class=\"blocks-gallery-item\"><figure><img data-recalc-dims=\"1\" decoding=\"async\" src=\"https:\/\/i0.wp.com\/inorma.com.tr\/wp-content\/uploads\/2020\/05\/zip_perde_dikey_zip_perde.jpg?w=1140&#038;ssl=1\" alt=\"\" data-id=\"812\" data-link=\"https:\/\/inorma.com.tr\/zip-perde\/zip_perde_dikey_zip_perde\/\" class=\"wp-image-812\"\/><figcaption class=\"blocks-gallery-item__caption\">Zip Perde<\/figcaption><\/figure><\/li><li class=\"blocks-gallery-item\"><figure><img data-recalc-dims=\"1\" decoding=\"async\" data-attachment-id=\"814\" data-permalink=\"https:\/\/www.inorma.com.tr\/english\/turkey-retractable-pergola-bioclimatic-pergola-guillotine-glass-zip-screen\/construction-slide-2-1\/\" data-orig-file=\"https:\/\/i0.wp.com\/www.inorma.com.tr\/english\/wp-content\/uploads\/2021\/05\/construction-slide-2-1.jpg?fit=1920%2C698&amp;ssl=1\" data-orig-size=\"1920,698\" data-comments-opened=\"1\" data-image-meta=\"{&quot;aperture&quot;:&quot;0&quot;,&quot;credit&quot;:&quot;&quot;,&quot;camera&quot;:&quot;&quot;,&quot;caption&quot;:&quot;&quot;,&quot;created_timestamp&quot;:&quot;0&quot;,&quot;copyright&quot;:&quot;&quot;,&quot;focal_length&quot;:&quot;0&quot;,&quot;iso&quot;:&quot;0&quot;,&quot;shutter_speed&quot;:&quot;0&quot;,&quot;title&quot;:&quot;&quot;,&quot;orientation&quot;:&quot;0&quot;}\" data-image-title=\"construction-slide-2-1\" data-image-description=\"\" data-image-caption=\"\" data-medium-file=\"https:\/\/i0.wp.com\/www.inorma.com.tr\/english\/wp-content\/uploads\/2021\/05\/construction-slide-2-1.jpg?fit=300%2C109&amp;ssl=1\" data-large-file=\"https:\/\/i0.wp.com\/www.inorma.com.tr\/english\/wp-content\/uploads\/2021\/05\/construction-slide-2-1.jpg?fit=1024%2C372&amp;ssl=1\" src=\"https:\/\/i0.wp.com\/inorma.com.tr\/wp-content\/uploads\/2020\/05\/zip_perde_dikey_zip_perde2.jpg?w=1140&#038;ssl=1\" alt=\"\" data-id=\"814\" data-link=\"https:\/\/inorma.com.tr\/zip-perde\/zip_perde_dikey_zip_perde2\/\" class=\"wp-image-814\"\/><figcaption class=\"blocks-gallery-item__caption\">Zip Perde<\/figcaption><\/figure><\/li><li class=\"blocks-gallery-item\"><figure><img data-recalc-dims=\"1\" decoding=\"async\" src=\"https:\/\/i0.wp.com\/inorma.com.tr\/wp-content\/uploads\/2020\/05\/zip_perde_dikey_zip_perde3.jpg?w=1140&#038;ssl=1\" alt=\"\" data-id=\"816\" data-link=\"https:\/\/inorma.com.tr\/zip-perde\/zip_perde_dikey_zip_perde3\/\" class=\"wp-image-816\"\/><figcaption class=\"blocks-gallery-item__caption\">Zip Perde<\/figcaption><\/figure><\/li><li class=\"blocks-gallery-item\"><figure><img data-recalc-dims=\"1\" decoding=\"async\" data-attachment-id=\"5709\" data-permalink=\"https:\/\/www.inorma.com.tr\/english\/pergola_giyotin_sabit-kapama-2\/\" data-orig-file=\"https:\/\/i0.wp.com\/www.inorma.com.tr\/english\/wp-content\/uploads\/2019\/10\/pergola_giyotin_sabit-kapama-1.jpg?fit=705%2C523&amp;ssl=1\" data-orig-size=\"705,523\" data-comments-opened=\"0\" data-image-meta=\"{&quot;aperture&quot;:&quot;0&quot;,&quot;credit&quot;:&quot;serhan&quot;,&quot;camera&quot;:&quot;&quot;,&quot;caption&quot;:&quot;&quot;,&quot;created_timestamp&quot;:&quot;1571407049&quot;,&quot;copyright&quot;:&quot;&quot;,&quot;focal_length&quot;:&quot;0&quot;,&quot;iso&quot;:&quot;0&quot;,&quot;shutter_speed&quot;:&quot;0&quot;,&quot;title&quot;:&quot;&quot;,&quot;orientation&quot;:&quot;0&quot;}\" data-image-title=\"pergola_giyotin_sabit kapama\" data-image-description=\"\" data-image-caption=\"\" data-medium-file=\"https:\/\/i0.wp.com\/www.inorma.com.tr\/english\/wp-content\/uploads\/2019\/10\/pergola_giyotin_sabit-kapama-1.jpg?fit=300%2C223&amp;ssl=1\" data-large-file=\"https:\/\/i0.wp.com\/www.inorma.com.tr\/english\/wp-content\/uploads\/2019\/10\/pergola_giyotin_sabit-kapama-1.jpg?fit=705%2C523&amp;ssl=1\" src=\"https:\/\/i0.wp.com\/inorma.com.tr\/wp-content\/uploads\/2020\/05\/zip_perde_antalya.jpg?w=1140&#038;ssl=1\" alt=\"\" data-id=\"5709\" data-full-url=\"https:\/\/inorma.com.tr\/wp-content\/uploads\/2020\/05\/zip_perde_antalya.jpg\" data-link=\"https:\/\/inorma.com.tr\/zip-perde\/zip_perde_antalya\/\" class=\"wp-image-5709\"\/><figcaption class=\"blocks-gallery-item__caption\">Zip Perde<\/figcaption><\/figure><\/li><\/ul><\/figure>\n\n\n\n<h4 class=\"wp-block-heading\"><a href=\"https:\/\/inorma.com.tr\/zipperde\"><strong>Advantages of Zip Curtain<\/strong><\/a><\/h4>\n\n\n\n<p>\u2022 It is modern and aesthetic.<\/p>\n\n\n\n<p><span class=\"has-inline-color has-quaternary-color\">\u2022 Provides protection from the burning effect of the sun, wind and rain in sudden weather changes.<\/span><\/p>\n\n\n\n<p><span class=\"has-inline-color has-quaternary-color\">\u2022 Micro air perforated fabric structure circulates fresh air continuously.<\/span><\/p>\n\n\n\n<p><span class=\"has-inline-color has-quaternary-color\">\u2022 Blinds, awnings, Venetian blinds, mosquito nets, roller blinds, etc. It offers all of the product functions together.<\/span><\/p>\n\n\n\n<p><span class=\"has-inline-color has-quaternary-color\">\u2022 Special textile fabric shows high resistance against environmental effects.<\/span><\/p>\n\n\n\n<p><span class=\"has-inline-color has-quaternary-color\">\u2022 It affects the final appearance of the structures with its color varieties and provides aesthetic integrity.<\/span><\/p>\n\n\n\n<p><span class=\"has-inline-color has-quaternary-color\">\u2022 It offers high standards to the user with its remote control.<\/span><\/p>\n\n\n\n<h4 class=\"wp-block-heading\"><strong><a href=\"https:\/\/inorma.com.tr\/zip-perde\/\">Zip Curtain Color Options<\/a><\/strong><\/h4>\n\n\n\n<figure class=\"wp-block-gallery columns-4 is-cropped wp-block-gallery-2 is-layout-flex wp-block-gallery-is-layout-flex\"><ul class=\"blocks-gallery-grid\"><li class=\"blocks-gallery-item\"><figure><img data-recalc-dims=\"1\" decoding=\"async\" data-attachment-id=\"1095\" data-permalink=\"https:\/\/www.inorma.com.tr\/english\/turkey-retractable-pergola-bioclimatic-pergola-guillotine-glass-zip-screen\/construction-generic-5-small\/\" data-orig-file=\"https:\/\/i0.wp.com\/www.inorma.com.tr\/english\/wp-content\/uploads\/2021\/05\/construction-generic-5-small.jpg?fit=181%2C181&amp;ssl=1\" data-orig-size=\"181,181\" data-comments-opened=\"1\" data-image-meta=\"{&quot;aperture&quot;:&quot;0&quot;,&quot;credit&quot;:&quot;&quot;,&quot;camera&quot;:&quot;&quot;,&quot;caption&quot;:&quot;&quot;,&quot;created_timestamp&quot;:&quot;0&quot;,&quot;copyright&quot;:&quot;&quot;,&quot;focal_length&quot;:&quot;0&quot;,&quot;iso&quot;:&quot;0&quot;,&quot;shutter_speed&quot;:&quot;0&quot;,&quot;title&quot;:&quot;&quot;,&quot;orientation&quot;:&quot;0&quot;}\" data-image-title=\"construction-generic-5-small\" data-image-description=\"\" data-image-caption=\"\" data-medium-file=\"https:\/\/i0.wp.com\/www.inorma.com.tr\/english\/wp-content\/uploads\/2021\/05\/construction-generic-5-small.jpg?fit=181%2C181&amp;ssl=1\" data-large-file=\"https:\/\/i0.wp.com\/www.inorma.com.tr\/english\/wp-content\/uploads\/2021\/05\/construction-generic-5-small.jpg?fit=181%2C181&amp;ssl=1\" src=\"https:\/\/i0.wp.com\/inorma.com.tr\/wp-content\/uploads\/2020\/05\/zipperderenk-2.jpg?w=1140&#038;ssl=1\" alt=\"\" data-id=\"1095\" data-full-url=\"https:\/\/inorma.com.tr\/wp-content\/uploads\/2020\/05\/zipperderenk-2.jpg\" data-link=\"https:\/\/inorma.com.tr\/zip-perde\/zipperderenk-2\/\" class=\"wp-image-1095\"\/><figcaption class=\"blocks-gallery-item__caption\">Beyaz<\/figcaption><\/figure><\/li><li class=\"blocks-gallery-item\"><figure><img data-recalc-dims=\"1\" decoding=\"async\" data-attachment-id=\"1094\" data-permalink=\"https:\/\/www.inorma.com.tr\/english\/turkey-retractable-pergola-bioclimatic-pergola-guillotine-glass-zip-screen\/construction-generic-4\/\" data-orig-file=\"https:\/\/i0.wp.com\/www.inorma.com.tr\/english\/wp-content\/uploads\/2021\/05\/construction-generic-4.jpg?fit=360%2C360&amp;ssl=1\" data-orig-size=\"360,360\" data-comments-opened=\"1\" data-image-meta=\"{&quot;aperture&quot;:&quot;0&quot;,&quot;credit&quot;:&quot;&quot;,&quot;camera&quot;:&quot;&quot;,&quot;caption&quot;:&quot;&quot;,&quot;created_timestamp&quot;:&quot;0&quot;,&quot;copyright&quot;:&quot;&quot;,&quot;focal_length&quot;:&quot;0&quot;,&quot;iso&quot;:&quot;0&quot;,&quot;shutter_speed&quot;:&quot;0&quot;,&quot;title&quot;:&quot;&quot;,&quot;orientation&quot;:&quot;0&quot;}\" data-image-title=\"construction-generic-4\" data-image-description=\"\" data-image-caption=\"\" data-medium-file=\"https:\/\/i0.wp.com\/www.inorma.com.tr\/english\/wp-content\/uploads\/2021\/05\/construction-generic-4.jpg?fit=300%2C300&amp;ssl=1\" data-large-file=\"https:\/\/i0.wp.com\/www.inorma.com.tr\/english\/wp-content\/uploads\/2021\/05\/construction-generic-4.jpg?fit=360%2C360&amp;ssl=1\" src=\"https:\/\/i0.wp.com\/inorma.com.tr\/wp-content\/uploads\/2020\/05\/zipperderenk-1.jpg?w=1140&#038;ssl=1\" alt=\"\" data-id=\"1094\" data-full-url=\"https:\/\/inorma.com.tr\/wp-content\/uploads\/2020\/05\/zipperderenk-1.jpg\" data-link=\"https:\/\/inorma.com.tr\/zip-perde\/zipperderenk-1\/\" class=\"wp-image-1094\"\/><figcaption class=\"blocks-gallery-item__caption\"><strong>Bronz<\/strong>&nbsp;<\/figcaption><\/figure><\/li><li class=\"blocks-gallery-item\"><figure><img data-recalc-dims=\"1\" decoding=\"async\" data-attachment-id=\"1096\" data-permalink=\"https:\/\/www.inorma.com.tr\/english\/turkey-retractable-pergola-bioclimatic-pergola-guillotine-glass-zip-screen\/construction-generic-5-wide\/\" data-orig-file=\"https:\/\/i0.wp.com\/www.inorma.com.tr\/english\/wp-content\/uploads\/2021\/05\/construction-generic-5-wide.jpg?fit=802%2C350&amp;ssl=1\" data-orig-size=\"802,350\" data-comments-opened=\"1\" data-image-meta=\"{&quot;aperture&quot;:&quot;0&quot;,&quot;credit&quot;:&quot;&quot;,&quot;camera&quot;:&quot;&quot;,&quot;caption&quot;:&quot;&quot;,&quot;created_timestamp&quot;:&quot;0&quot;,&quot;copyright&quot;:&quot;&quot;,&quot;focal_length&quot;:&quot;0&quot;,&quot;iso&quot;:&quot;0&quot;,&quot;shutter_speed&quot;:&quot;0&quot;,&quot;title&quot;:&quot;&quot;,&quot;orientation&quot;:&quot;0&quot;}\" data-image-title=\"construction-generic-5-wide\" data-image-description=\"\" data-image-caption=\"\" data-medium-file=\"https:\/\/i0.wp.com\/www.inorma.com.tr\/english\/wp-content\/uploads\/2021\/05\/construction-generic-5-wide.jpg?fit=300%2C131&amp;ssl=1\" data-large-file=\"https:\/\/i0.wp.com\/www.inorma.com.tr\/english\/wp-content\/uploads\/2021\/05\/construction-generic-5-wide.jpg?fit=802%2C350&amp;ssl=1\" src=\"https:\/\/i0.wp.com\/inorma.com.tr\/wp-content\/uploads\/2020\/05\/zipperderenk-3.jpg?w=1140&#038;ssl=1\" alt=\"\" data-id=\"1096\" data-full-url=\"https:\/\/inorma.com.tr\/wp-content\/uploads\/2020\/05\/zipperderenk-3.jpg\" data-link=\"https:\/\/inorma.com.tr\/zip-perde\/zipperderenk-3\/\" class=\"wp-image-1096\"\/><figcaption class=\"blocks-gallery-item__caption\"><strong>D\u00f6v\u00fclm\u00fc\u015f Metal<\/strong>&nbsp;<\/figcaption><\/figure><\/li><li class=\"blocks-gallery-item\"><figure><img data-recalc-dims=\"1\" decoding=\"async\" src=\"https:\/\/i0.wp.com\/inorma.com.tr\/wp-content\/uploads\/2020\/05\/zipperderenk-4.jpg?w=1140&#038;ssl=1\" alt=\"\" data-id=\"1097\" data-full-url=\"https:\/\/inorma.com.tr\/wp-content\/uploads\/2020\/05\/zipperderenk-4.jpg\" data-link=\"https:\/\/inorma.com.tr\/zip-perde\/zipperderenk-4\/\" class=\"wp-image-1097\"\/><figcaption class=\"blocks-gallery-item__caption\"><strong>Antrasit<\/strong>&nbsp;<\/figcaption><\/figure><\/li><li class=\"blocks-gallery-item\"><figure><img data-recalc-dims=\"1\" decoding=\"async\" src=\"https:\/\/i0.wp.com\/inorma.com.tr\/wp-content\/uploads\/2020\/05\/zipperderenk-5.jpg?w=1140&#038;ssl=1\" alt=\"\" data-id=\"1098\" data-full-url=\"https:\/\/inorma.com.tr\/wp-content\/uploads\/2020\/05\/zipperderenk-5.jpg\" data-link=\"https:\/\/inorma.com.tr\/zip-perde\/zipperderenk-5\/\" class=\"wp-image-1098\"\/><figcaption class=\"blocks-gallery-item__caption\"><strong>Zenci<\/strong><\/figcaption><\/figure><\/li><li class=\"blocks-gallery-item\"><figure><img data-recalc-dims=\"1\" decoding=\"async\" src=\"https:\/\/i0.wp.com\/inorma.com.tr\/wp-content\/uploads\/2020\/05\/zipperderenk-6.jpg?w=1140&#038;ssl=1\" alt=\"\" data-id=\"1099\" data-full-url=\"https:\/\/inorma.com.tr\/wp-content\/uploads\/2020\/05\/zipperderenk-6.jpg\" data-link=\"https:\/\/inorma.com.tr\/zip-perde\/zipperderenk-6\/\" class=\"wp-image-1099\"\/><figcaption class=\"blocks-gallery-item__caption\"><strong>Kakao<\/strong>&nbsp;<\/figcaption><\/figure><\/li><li class=\"blocks-gallery-item\"><figure><img data-recalc-dims=\"1\" decoding=\"async\" src=\"https:\/\/i0.wp.com\/inorma.com.tr\/wp-content\/uploads\/2020\/05\/zipperderenk-7.jpg?w=1140&#038;ssl=1\" alt=\"\" data-id=\"1100\" data-full-url=\"https:\/\/inorma.com.tr\/wp-content\/uploads\/2020\/05\/zipperderenk-7.jpg\" data-link=\"https:\/\/inorma.com.tr\/zip-perde\/zipperderenk-7\/\" class=\"wp-image-1100\"\/><figcaption class=\"blocks-gallery-item__caption\"><strong>Boulder<\/strong>&nbsp;<\/figcaption><\/figure><\/li><li class=\"blocks-gallery-item\"><figure><img data-recalc-dims=\"1\" decoding=\"async\" src=\"https:\/\/i0.wp.com\/inorma.com.tr\/wp-content\/uploads\/2020\/05\/zipperderenk-8.jpg?w=1140&#038;ssl=1\" alt=\"\" data-id=\"1101\" data-full-url=\"https:\/\/inorma.com.tr\/wp-content\/uploads\/2020\/05\/zipperderenk-8.jpg\" data-link=\"https:\/\/inorma.com.tr\/zip-perde\/zipperderenk-8\/\" class=\"wp-image-1101\"\/><figcaption class=\"blocks-gallery-item__caption\">\u015eampanya<\/figcaption><\/figure><\/li><\/ul><\/figure>\n\n\n\n<h4 class=\"wp-block-heading\"><strong><a href=\"https:\/\/inorma.com.tr\/zip-perde\/\">Using Area of Zip Curtain<\/a><\/strong><\/h4>\n\n\n\n<p><span class=\"has-inline-color has-quaternary-color\">\u2022 Winter garden<\/span><\/p>\n\n\n\n<p><span class=\"has-inline-color has-quaternary-color\">\u2022 Summer Garden<\/span><\/p>\n\n\n\n<p><span class=\"has-inline-color has-quaternary-color\">\u2022 Fronts of Window.<\/span><\/p>\n\n\n\n<p><span class=\"has-inline-color has-quaternary-color\">\u2022 Balconies.<\/span><\/p>\n\n\n\n<p><span class=\"has-inline-color has-quaternary-color\">\u2022 Pergola Environment.<\/span><\/p>\n\n\n\n<p><span class=\"has-inline-color has-quaternary-color\">\u2022 In Office<\/span><\/p>\n\n\n\n<p><span class=\"has-inline-color has-quaternary-color\">\u2022 Open Terrace<\/span><\/p>\n\n\n\n<figure><iframe width=\"560\" height=\"315\" src=\"https:\/\/www.youtube.com\/embed\/-NZTxrjkbR0\" allowfullscreen=\"\"><\/iframe><\/figure>\n\n\n\n<h4 class=\"wp-block-heading\"><a href=\"https:\/\/inorma.com.tr\/zip-perde\/\"><strong>Zip Curtain Prices<\/strong><\/a><\/h4>\n\n\n\n<p><span class=\"has-inline-color has-quaternary-color\">You can call +90 216 349 37 38 or send an e-mail to info@inorma.com.tr for our sales specialist to contact you. Our sales specialist will prepare a special offer for you based on the information you provided.<\/span><\/p>\n\n\n\n<p><span class=\"has-inline-color has-quaternary-color\"><a href=\"https:\/\/inorma.com.tr\/projeler\/\" target=\"_blank\" rel=\"noreferrer noopener\">Please click<\/a> to see our Zip Curtain Projects.<\/span><\/p>\n","protected":false},"excerpt":{"rendered":"<p>Please click to see our Zip Curtain Projects. Zip Curtain If you want to buy a simple, extremely strong and durable, flexible roller blind, Zip Curtain will meet your needs. In the production of this curtain, Serge Ferrari technology, which is considered as the highest technology in the world, was used. With this technology, Zip [&hellip;]<\/p>\n","protected":false},"author":2,"featured_media":0,"parent":0,"menu_order":0,"comment_status":"closed","ping_status":"closed","template":"","meta":{"_monsterinsights_skip_tracking":false,"_monsterinsights_sitenote_active":false,"_monsterinsights_sitenote_note":"","_monsterinsights_sitenote_category":0,"footnotes":""},"class_list":["post-454","page","type-page","status-publish","hentry"],"yoast_head":"<!-- This site is optimized with the Yoast SEO plugin v26.8 - https:\/\/yoast.com\/product\/yoast-seo-wordpress\/ -->\n<title>Zip Curtain - Turkey Retractable Pergola, Bioclimatic Pergola, Guillotine Glass<\/title>\n<meta name=\"robots\" content=\"index, follow, max-snippet:-1, max-image-preview:large, max-video-preview:-1\" \/>\n<link rel=\"canonical\" href=\"https:\/\/www.inorma.com.tr\/english\/zip-curtain\/\" \/>\n<meta property=\"og:locale\" content=\"en_US\" \/>\n<meta property=\"og:type\" content=\"article\" \/>\n<meta property=\"og:title\" content=\"Zip Curtain - Turkey Retractable Pergola, Bioclimatic Pergola, Guillotine Glass\" \/>\n<meta property=\"og:description\" content=\"Please click to see our Zip Curtain Projects. Zip Curtain If you want to buy a simple, extremely strong and durable, flexible roller blind, Zip Curtain will meet your needs. In the production of this curtain, Serge Ferrari technology, which is considered as the highest technology in the world, was used. With this technology, Zip [&hellip;]\" \/>\n<meta property=\"og:url\" content=\"https:\/\/www.inorma.com.tr\/english\/zip-curtain\/\" \/>\n<meta property=\"og:site_name\" content=\"Turkey Retractable Pergola, Bioclimatic Pergola, Guillotine Glass\" \/>\n<meta property=\"article:modified_time\" content=\"2020-07-02T22:29:03+00:00\" \/>\n<meta property=\"og:image\" content=\"https:\/\/inorma.com.tr\/wp-content\/uploads\/2020\/05\/zip_perde_dikey_zip_perde.jpg\" \/>\n<meta name=\"twitter:card\" content=\"summary_large_image\" \/>\n<meta name=\"twitter:label1\" content=\"Est. reading time\" \/>\n\t<meta name=\"twitter:data1\" content=\"1 minute\" \/>\n<script type=\"application\/ld+json\" class=\"yoast-schema-graph\">{\"@context\":\"https:\/\/schema.org\",\"@graph\":[{\"@type\":\"WebPage\",\"@id\":\"https:\/\/www.inorma.com.tr\/english\/zip-curtain\/\",\"url\":\"https:\/\/www.inorma.com.tr\/english\/zip-curtain\/\",\"name\":\"Zip Curtain - Turkey Retractable Pergola, Bioclimatic Pergola, Guillotine Glass\",\"isPartOf\":{\"@id\":\"https:\/\/www.inorma.com.tr\/english\/#website\"},\"primaryImageOfPage\":{\"@id\":\"https:\/\/www.inorma.com.tr\/english\/zip-curtain\/#primaryimage\"},\"image\":{\"@id\":\"https:\/\/www.inorma.com.tr\/english\/zip-curtain\/#primaryimage\"},\"thumbnailUrl\":\"https:\/\/inorma.com.tr\/wp-content\/uploads\/2020\/05\/zip_perde_dikey_zip_perde.jpg\",\"datePublished\":\"2020-05-11T06:04:34+00:00\",\"dateModified\":\"2020-07-02T22:29:03+00:00\",\"breadcrumb\":{\"@id\":\"https:\/\/www.inorma.com.tr\/english\/zip-curtain\/#breadcrumb\"},\"inLanguage\":\"en-US\",\"potentialAction\":[{\"@type\":\"ReadAction\",\"target\":[\"https:\/\/www.inorma.com.tr\/english\/zip-curtain\/\"]}]},{\"@type\":\"ImageObject\",\"inLanguage\":\"en-US\",\"@id\":\"https:\/\/www.inorma.com.tr\/english\/zip-curtain\/#primaryimage\",\"url\":\"https:\/\/inorma.com.tr\/wp-content\/uploads\/2020\/05\/zip_perde_dikey_zip_perde.jpg\",\"contentUrl\":\"https:\/\/inorma.com.tr\/wp-content\/uploads\/2020\/05\/zip_perde_dikey_zip_perde.jpg\"},{\"@type\":\"BreadcrumbList\",\"@id\":\"https:\/\/www.inorma.com.tr\/english\/zip-curtain\/#breadcrumb\",\"itemListElement\":[{\"@type\":\"ListItem\",\"position\":1,\"name\":\"Ana sayfa\",\"item\":\"https:\/\/www.inorma.com.tr\/english\/\"},{\"@type\":\"ListItem\",\"position\":2,\"name\":\"Zip Curtain\"}]},{\"@type\":\"WebSite\",\"@id\":\"https:\/\/www.inorma.com.tr\/english\/#website\",\"url\":\"https:\/\/www.inorma.com.tr\/english\/\",\"name\":\"Turkey Retractable Pergola, Bioclimatic Pergola, Guillotine Glass\",\"description\":\"Inorma Building Systems\",\"potentialAction\":[{\"@type\":\"SearchAction\",\"target\":{\"@type\":\"EntryPoint\",\"urlTemplate\":\"https:\/\/www.inorma.com.tr\/english\/?s={search_term_string}\"},\"query-input\":{\"@type\":\"PropertyValueSpecification\",\"valueRequired\":true,\"valueName\":\"search_term_string\"}}],\"inLanguage\":\"en-US\"}]}<\/script>\n<!-- \/ Yoast SEO plugin. -->","yoast_head_json":{"title":"Zip Curtain - Turkey Retractable Pergola, Bioclimatic Pergola, Guillotine Glass","robots":{"index":"index","follow":"follow","max-snippet":"max-snippet:-1","max-image-preview":"max-image-preview:large","max-video-preview":"max-video-preview:-1"},"canonical":"https:\/\/www.inorma.com.tr\/english\/zip-curtain\/","og_locale":"en_US","og_type":"article","og_title":"Zip Curtain - Turkey Retractable Pergola, Bioclimatic Pergola, Guillotine Glass","og_description":"Please click to see our Zip Curtain Projects. Zip Curtain If you want to buy a simple, extremely strong and durable, flexible roller blind, Zip Curtain will meet your needs. In the production of this curtain, Serge Ferrari technology, which is considered as the highest technology in the world, was used. With this technology, Zip [&hellip;]","og_url":"https:\/\/www.inorma.com.tr\/english\/zip-curtain\/","og_site_name":"Turkey Retractable Pergola, Bioclimatic Pergola, Guillotine Glass","article_modified_time":"2020-07-02T22:29:03+00:00","og_image":[{"url":"https:\/\/inorma.com.tr\/wp-content\/uploads\/2020\/05\/zip_perde_dikey_zip_perde.jpg","type":"","width":"","height":""}],"twitter_card":"summary_large_image","twitter_misc":{"Est. reading time":"1 minute"},"schema":{"@context":"https:\/\/schema.org","@graph":[{"@type":"WebPage","@id":"https:\/\/www.inorma.com.tr\/english\/zip-curtain\/","url":"https:\/\/www.inorma.com.tr\/english\/zip-curtain\/","name":"Zip Curtain - Turkey Retractable Pergola, Bioclimatic Pergola, Guillotine Glass","isPartOf":{"@id":"https:\/\/www.inorma.com.tr\/english\/#website"},"primaryImageOfPage":{"@id":"https:\/\/www.inorma.com.tr\/english\/zip-curtain\/#primaryimage"},"image":{"@id":"https:\/\/www.inorma.com.tr\/english\/zip-curtain\/#primaryimage"},"thumbnailUrl":"https:\/\/inorma.com.tr\/wp-content\/uploads\/2020\/05\/zip_perde_dikey_zip_perde.jpg","datePublished":"2020-05-11T06:04:34+00:00","dateModified":"2020-07-02T22:29:03+00:00","breadcrumb":{"@id":"https:\/\/www.inorma.com.tr\/english\/zip-curtain\/#breadcrumb"},"inLanguage":"en-US","potentialAction":[{"@type":"ReadAction","target":["https:\/\/www.inorma.com.tr\/english\/zip-curtain\/"]}]},{"@type":"ImageObject","inLanguage":"en-US","@id":"https:\/\/www.inorma.com.tr\/english\/zip-curtain\/#primaryimage","url":"https:\/\/inorma.com.tr\/wp-content\/uploads\/2020\/05\/zip_perde_dikey_zip_perde.jpg","contentUrl":"https:\/\/inorma.com.tr\/wp-content\/uploads\/2020\/05\/zip_perde_dikey_zip_perde.jpg"},{"@type":"BreadcrumbList","@id":"https:\/\/www.inorma.com.tr\/english\/zip-curtain\/#breadcrumb","itemListElement":[{"@type":"ListItem","position":1,"name":"Ana sayfa","item":"https:\/\/www.inorma.com.tr\/english\/"},{"@type":"ListItem","position":2,"name":"Zip Curtain"}]},{"@type":"WebSite","@id":"https:\/\/www.inorma.com.tr\/english\/#website","url":"https:\/\/www.inorma.com.tr\/english\/","name":"Turkey Retractable Pergola, Bioclimatic Pergola, Guillotine Glass","description":"Inorma Building Systems","potentialAction":[{"@type":"SearchAction","target":{"@type":"EntryPoint","urlTemplate":"https:\/\/www.inorma.com.tr\/english\/?s={search_term_string}"},"query-input":{"@type":"PropertyValueSpecification","valueRequired":true,"valueName":"search_term_string"}}],"inLanguage":"en-US"}]}},"jetpack_sharing_enabled":true,"_links":{"self":[{"href":"https:\/\/www.inorma.com.tr\/english\/wp-json\/wp\/v2\/pages\/454","targetHints":{"allow":["GET"]}}],"collection":[{"href":"https:\/\/www.inorma.com.tr\/english\/wp-json\/wp\/v2\/pages"}],"about":[{"href":"https:\/\/www.inorma.com.tr\/english\/wp-json\/wp\/v2\/types\/page"}],"author":[{"embeddable":true,"href":"https:\/\/www.inorma.com.tr\/english\/wp-json\/wp\/v2\/users\/2"}],"replies":[{"embeddable":true,"href":"https:\/\/www.inorma.com.tr\/english\/wp-json\/wp\/v2\/comments?post=454"}],"version-history":[{"count":4,"href":"https:\/\/www.inorma.com.tr\/english\/wp-json\/wp\/v2\/pages\/454\/revisions"}],"predecessor-version":[{"id":6022,"href":"https:\/\/www.inorma.com.tr\/english\/wp-json\/wp\/v2\/pages\/454\/revisions\/6022"}],"wp:attachment":[{"href":"https:\/\/www.inorma.com.tr\/english\/wp-json\/wp\/v2\/media?parent=454"}],"curies":[{"name":"wp","href":"https:\/\/api.w.org\/{rel}","templated":true}]}}