{"id":448,"date":"2020-05-11T05:58:47","date_gmt":"2020-05-11T05:58:47","guid":{"rendered":"https:\/\/inorma.com.tr\/?page_id=448"},"modified":"2020-07-02T23:11:32","modified_gmt":"2020-07-02T23:11:32","slug":"winter-garden","status":"publish","type":"page","link":"https:\/\/www.inorma.com.tr\/english\/winter-garden\/","title":{"rendered":"Winter Garden"},"content":{"rendered":"\n<p><span class=\"has-inline-color has-quaternary-color\">Would you like to add a new atmosphere to your personal garden or commercial establishment with the Winter Garden and enjoy every season with this? These structures, called the Winter Garden, offer you this opportunity. These structures, which easily adapt to any kind of garden and space and can be designed and applied specially for spaces, are candidates to change the face of your spaces by one hundred percent\u2026<\/span><\/p>\n\n\n\n<p><span class=\"has-inline-color has-quaternary-color\">An incredible change awaits you where you apply the Winter Garden. With the implementation of this structure, you will see that your location has changed and improved greatly. The places where this structure is applied will both become more beautiful in terms of design and can give you many different things. Thanks to this structure, you have the opportunity to feel the beauty of the seasons fully.<\/span><\/p>\n\n\n\n<figure class=\"wp-block-gallery columns-4 is-cropped wp-block-gallery-1 is-layout-flex wp-block-gallery-is-layout-flex\"><ul class=\"blocks-gallery-grid\"><li class=\"blocks-gallery-item\"><figure><img data-recalc-dims=\"1\" decoding=\"async\" src=\"https:\/\/i0.wp.com\/inorma.com.tr\/wp-content\/uploads\/2020\/05\/K%C4%B1%C5%9F-Bah%C3%A7esi3.jpg?w=1140&#038;ssl=1\" alt=\"\" data-id=\"5721\" data-full-url=\"https:\/\/inorma.com.tr\/wp-content\/uploads\/2020\/05\/K\u0131\u015f-Bah\u00e7esi3.jpg\" data-link=\"https:\/\/inorma.com.tr\/kis-bahcesi\/kis-bahcesi4\/\" class=\"wp-image-5721\"\/><figcaption class=\"blocks-gallery-item__caption\">Winter Garden<\/figcaption><\/figure><\/li><li class=\"blocks-gallery-item\"><figure><img data-recalc-dims=\"1\" decoding=\"async\" src=\"https:\/\/i0.wp.com\/inorma.com.tr\/wp-content\/uploads\/2020\/05\/K%C4%B1%C5%9F-Bah%C3%A7esi4.jpg?w=1140&#038;ssl=1\" alt=\"\" data-id=\"5722\" data-full-url=\"https:\/\/inorma.com.tr\/wp-content\/uploads\/2020\/05\/K\u0131\u015f-Bah\u00e7esi4.jpg\" data-link=\"https:\/\/inorma.com.tr\/kis-bahcesi\/kis-bahcesi4-2\/\" class=\"wp-image-5722\"\/><figcaption class=\"blocks-gallery-item__caption\">Winter Garden<\/figcaption><\/figure><\/li><li class=\"blocks-gallery-item\"><figure><img data-recalc-dims=\"1\" decoding=\"async\" src=\"https:\/\/i0.wp.com\/inorma.com.tr\/wp-content\/uploads\/2020\/05\/K%C4%B1%C5%9F-Bah%C3%A7esi2.jpg?w=1140&#038;ssl=1\" alt=\"\" data-id=\"5720\" data-full-url=\"https:\/\/inorma.com.tr\/wp-content\/uploads\/2020\/05\/K\u0131\u015f-Bah\u00e7esi2.jpg\" data-link=\"https:\/\/inorma.com.tr\/kis-bahcesi\/kis-bahcesi2\/\" class=\"wp-image-5720\"\/><figcaption class=\"blocks-gallery-item__caption\">Winter Garden<\/figcaption><\/figure><\/li><li class=\"blocks-gallery-item\"><figure><img data-recalc-dims=\"1\" decoding=\"async\" src=\"https:\/\/i0.wp.com\/inorma.com.tr\/wp-content\/uploads\/2020\/05\/K%C4%B1%C5%9F-Bah%C3%A7esi1.jpg?w=1140&#038;ssl=1\" alt=\"\" data-id=\"5718\" data-link=\"https:\/\/inorma.com.tr\/kis-bahcesi\/kis-bahcesi1\/\" class=\"wp-image-5718\"\/><figcaption class=\"blocks-gallery-item__caption\">Winter Garden<\/figcaption><\/figure><\/li><\/ul><\/figure>\n\n\n\n<p><span class=\"has-inline-color has-quaternary-color\">Seasonal conditions are very important to benefit from the beauty and air of the outdoor space. If you are aware of this situation, the first thing you need to do is to make a winter garden in a suitable place you have! The heavy rain, the cold weather of the snow or the hot and muggy breezes of the summer will not be a problem after you meet the winter garden. Especially if it is upsetting you to stay away from the outdoor conditions against the challenging conditions of the seasons, thanks to the Winter Garden, you will be able to meet with the outdoors again at any time despite the difficulties of the seasons. Our company produces in a wide category for you and always delivers the product you need.<\/span><\/p>\n\n\n\n<figure class=\"wp-block-gallery columns-4 is-cropped wp-block-gallery-2 is-layout-flex wp-block-gallery-is-layout-flex\"><ul class=\"blocks-gallery-grid\"><li class=\"blocks-gallery-item\"><figure><img data-recalc-dims=\"1\" decoding=\"async\" data-attachment-id=\"5727\" data-permalink=\"https:\/\/www.inorma.com.tr\/english\/silivri_giyotincam-4\/\" data-orig-file=\"https:\/\/i0.wp.com\/www.inorma.com.tr\/english\/wp-content\/uploads\/2019\/10\/silivri_giyotincam-4.jpg?fit=4032%2C3024&amp;ssl=1\" data-orig-size=\"4032,3024\" data-comments-opened=\"0\" data-image-meta=\"{&quot;aperture&quot;:&quot;2.2&quot;,&quot;credit&quot;:&quot;&quot;,&quot;camera&quot;:&quot;iPhone 6s Plus&quot;,&quot;caption&quot;:&quot;&quot;,&quot;created_timestamp&quot;:&quot;1533233306&quot;,&quot;copyright&quot;:&quot;&quot;,&quot;focal_length&quot;:&quot;4.15&quot;,&quot;iso&quot;:&quot;25&quot;,&quot;shutter_speed&quot;:&quot;0.01&quot;,&quot;title&quot;:&quot;&quot;,&quot;orientation&quot;:&quot;1&quot;}\" data-image-title=\"silivri_giyotincam (4)\" data-image-description=\"\" data-image-caption=\"\" data-medium-file=\"https:\/\/i0.wp.com\/www.inorma.com.tr\/english\/wp-content\/uploads\/2019\/10\/silivri_giyotincam-4.jpg?fit=300%2C225&amp;ssl=1\" data-large-file=\"https:\/\/i0.wp.com\/www.inorma.com.tr\/english\/wp-content\/uploads\/2019\/10\/silivri_giyotincam-4.jpg?fit=1024%2C768&amp;ssl=1\" src=\"https:\/\/i0.wp.com\/inorma.com.tr\/wp-content\/uploads\/2020\/05\/K%C4%B1%C5%9F-Bah%C3%A7esi-Profil1.jpg?w=1140&#038;ssl=1\" alt=\"\" data-id=\"5727\" data-full-url=\"https:\/\/inorma.com.tr\/wp-content\/uploads\/2020\/05\/K\u0131\u015f-Bah\u00e7esi-Profil1.jpg\" data-link=\"https:\/\/inorma.com.tr\/kis-bahcesi\/kis-bahcesi-profil-2\/\" class=\"wp-image-5727\"\/><figcaption class=\"blocks-gallery-item__caption\">Winter Garden Profile<\/figcaption><\/figure><\/li><li class=\"blocks-gallery-item\"><figure><img data-recalc-dims=\"1\" decoding=\"async\" src=\"https:\/\/i0.wp.com\/inorma.com.tr\/wp-content\/uploads\/2020\/05\/K%C4%B1%C5%9F-Bah%C3%A7esi-Profil2.jpg?w=1140&#038;ssl=1\" alt=\"\" data-id=\"5728\" data-full-url=\"https:\/\/inorma.com.tr\/wp-content\/uploads\/2020\/05\/K\u0131\u015f-Bah\u00e7esi-Profil2.jpg\" data-link=\"https:\/\/inorma.com.tr\/kis-bahcesi\/kis-bahcesi-profil-3\/\" class=\"wp-image-5728\"\/><figcaption class=\"blocks-gallery-item__caption\">Winter Garden Profile<\/figcaption><\/figure><\/li><li class=\"blocks-gallery-item\"><figure><img data-recalc-dims=\"1\" decoding=\"async\" src=\"https:\/\/i0.wp.com\/inorma.com.tr\/wp-content\/uploads\/2020\/05\/K%C4%B1%C5%9F-Bah%C3%A7esi-Profil3.jpg?w=1140&#038;ssl=1\" alt=\"\" data-id=\"5729\" data-full-url=\"https:\/\/inorma.com.tr\/wp-content\/uploads\/2020\/05\/K\u0131\u015f-Bah\u00e7esi-Profil3.jpg\" data-link=\"https:\/\/inorma.com.tr\/kis-bahcesi\/kis-bahcesi-profil-4\/\" class=\"wp-image-5729\"\/><figcaption class=\"blocks-gallery-item__caption\">Winter Garden Profile<\/figcaption><\/figure><\/li><li class=\"blocks-gallery-item\"><figure><img data-recalc-dims=\"1\" decoding=\"async\" data-attachment-id=\"5726\" data-permalink=\"https:\/\/www.inorma.com.tr\/english\/silivri_giyotincam-1\/\" data-orig-file=\"https:\/\/i0.wp.com\/www.inorma.com.tr\/english\/wp-content\/uploads\/2019\/10\/silivri_giyotincam-1.jpg?fit=4032%2C3024&amp;ssl=1\" data-orig-size=\"4032,3024\" data-comments-opened=\"0\" data-image-meta=\"{&quot;aperture&quot;:&quot;2.2&quot;,&quot;credit&quot;:&quot;&quot;,&quot;camera&quot;:&quot;iPhone 6s Plus&quot;,&quot;caption&quot;:&quot;&quot;,&quot;created_timestamp&quot;:&quot;1533229557&quot;,&quot;copyright&quot;:&quot;&quot;,&quot;focal_length&quot;:&quot;4.15&quot;,&quot;iso&quot;:&quot;25&quot;,&quot;shutter_speed&quot;:&quot;0.0055555555555556&quot;,&quot;title&quot;:&quot;&quot;,&quot;orientation&quot;:&quot;1&quot;}\" data-image-title=\"silivri_giyotincam (1)\" data-image-description=\"\" data-image-caption=\"\" data-medium-file=\"https:\/\/i0.wp.com\/www.inorma.com.tr\/english\/wp-content\/uploads\/2019\/10\/silivri_giyotincam-1.jpg?fit=300%2C225&amp;ssl=1\" data-large-file=\"https:\/\/i0.wp.com\/www.inorma.com.tr\/english\/wp-content\/uploads\/2019\/10\/silivri_giyotincam-1.jpg?fit=1024%2C768&amp;ssl=1\" src=\"https:\/\/i0.wp.com\/inorma.com.tr\/wp-content\/uploads\/2020\/05\/K%C4%B1%C5%9F-Bah%C3%A7esi5.jpg?w=1140&#038;ssl=1\" alt=\"\" data-id=\"5726\" data-full-url=\"https:\/\/inorma.com.tr\/wp-content\/uploads\/2020\/05\/K\u0131\u015f-Bah\u00e7esi5.jpg\" data-link=\"https:\/\/inorma.com.tr\/kis-bahcesi\/kis-bahcesi-profil\/\" class=\"wp-image-5726\"\/><figcaption class=\"blocks-gallery-item__caption\">Winter Garden Profile<\/figcaption><\/figure><\/li><\/ul><\/figure>\n\n\n\n<h4 class=\"wp-block-heading\"><strong><a href=\"https:\/\/www.inorma.com.tr\/english\/winter-garden\/\">Winter Garden Prices<\/a><\/strong><\/h4>\n\n\n\n<p><span class=\"has-inline-color has-quaternary-color\">You can call +90 216 349 37 38 or send an e-mail to info@inorma.com.tr for our sales specialist to contact you. Our sales specialist will prepare a special offer for you based on the information you provided.<\/span><\/p>\n","protected":false},"excerpt":{"rendered":"<p>Would you like to add a new atmosphere to your personal garden or commercial establishment with the Winter Garden and enjoy every season with this? These structures, called the Winter Garden, offer you this opportunity. These structures, which easily adapt to any kind of garden and space and can be designed and applied specially for [&hellip;]<\/p>\n","protected":false},"author":2,"featured_media":0,"parent":0,"menu_order":0,"comment_status":"closed","ping_status":"closed","template":"","meta":{"_monsterinsights_skip_tracking":false,"_monsterinsights_sitenote_active":false,"_monsterinsights_sitenote_note":"","_monsterinsights_sitenote_category":0,"footnotes":""},"class_list":["post-448","page","type-page","status-publish","hentry"],"yoast_head":"<!-- This site is optimized with the Yoast SEO plugin v26.8 - https:\/\/yoast.com\/product\/yoast-seo-wordpress\/ -->\n<title>Winter Garden - Turkey Retractable Pergola, Bioclimatic Pergola, Guillotine Glass<\/title>\n<meta name=\"robots\" content=\"index, follow, max-snippet:-1, max-image-preview:large, max-video-preview:-1\" \/>\n<link rel=\"canonical\" href=\"https:\/\/www.inorma.com.tr\/english\/winter-garden\/\" \/>\n<meta property=\"og:locale\" content=\"en_US\" \/>\n<meta property=\"og:type\" content=\"article\" \/>\n<meta property=\"og:title\" content=\"Winter Garden - Turkey Retractable Pergola, Bioclimatic Pergola, Guillotine Glass\" \/>\n<meta property=\"og:description\" content=\"Would you like to add a new atmosphere to your personal garden or commercial establishment with the Winter Garden and enjoy every season with this? These structures, called the Winter Garden, offer you this opportunity. These structures, which easily adapt to any kind of garden and space and can be designed and applied specially for [&hellip;]\" \/>\n<meta property=\"og:url\" content=\"https:\/\/www.inorma.com.tr\/english\/winter-garden\/\" \/>\n<meta property=\"og:site_name\" content=\"Turkey Retractable Pergola, Bioclimatic Pergola, Guillotine Glass\" \/>\n<meta property=\"article:modified_time\" content=\"2020-07-02T23:11:32+00:00\" \/>\n<meta name=\"twitter:card\" content=\"summary_large_image\" \/>\n<meta name=\"twitter:label1\" content=\"Est. reading time\" \/>\n\t<meta name=\"twitter:data1\" content=\"2 minutes\" \/>\n<script type=\"application\/ld+json\" class=\"yoast-schema-graph\">{\"@context\":\"https:\/\/schema.org\",\"@graph\":[{\"@type\":\"WebPage\",\"@id\":\"https:\/\/www.inorma.com.tr\/english\/winter-garden\/\",\"url\":\"https:\/\/www.inorma.com.tr\/english\/winter-garden\/\",\"name\":\"Winter Garden - Turkey Retractable Pergola, Bioclimatic Pergola, Guillotine Glass\",\"isPartOf\":{\"@id\":\"https:\/\/www.inorma.com.tr\/english\/#website\"},\"datePublished\":\"2020-05-11T05:58:47+00:00\",\"dateModified\":\"2020-07-02T23:11:32+00:00\",\"breadcrumb\":{\"@id\":\"https:\/\/www.inorma.com.tr\/english\/winter-garden\/#breadcrumb\"},\"inLanguage\":\"en-US\",\"potentialAction\":[{\"@type\":\"ReadAction\",\"target\":[\"https:\/\/www.inorma.com.tr\/english\/winter-garden\/\"]}]},{\"@type\":\"BreadcrumbList\",\"@id\":\"https:\/\/www.inorma.com.tr\/english\/winter-garden\/#breadcrumb\",\"itemListElement\":[{\"@type\":\"ListItem\",\"position\":1,\"name\":\"Ana sayfa\",\"item\":\"https:\/\/www.inorma.com.tr\/english\/\"},{\"@type\":\"ListItem\",\"position\":2,\"name\":\"Winter Garden\"}]},{\"@type\":\"WebSite\",\"@id\":\"https:\/\/www.inorma.com.tr\/english\/#website\",\"url\":\"https:\/\/www.inorma.com.tr\/english\/\",\"name\":\"Turkey Retractable Pergola, Bioclimatic Pergola, Guillotine Glass\",\"description\":\"Inorma Building Systems\",\"potentialAction\":[{\"@type\":\"SearchAction\",\"target\":{\"@type\":\"EntryPoint\",\"urlTemplate\":\"https:\/\/www.inorma.com.tr\/english\/?s={search_term_string}\"},\"query-input\":{\"@type\":\"PropertyValueSpecification\",\"valueRequired\":true,\"valueName\":\"search_term_string\"}}],\"inLanguage\":\"en-US\"}]}<\/script>\n<!-- \/ Yoast SEO plugin. -->","yoast_head_json":{"title":"Winter Garden - Turkey Retractable Pergola, Bioclimatic Pergola, Guillotine Glass","robots":{"index":"index","follow":"follow","max-snippet":"max-snippet:-1","max-image-preview":"max-image-preview:large","max-video-preview":"max-video-preview:-1"},"canonical":"https:\/\/www.inorma.com.tr\/english\/winter-garden\/","og_locale":"en_US","og_type":"article","og_title":"Winter Garden - Turkey Retractable Pergola, Bioclimatic Pergola, Guillotine Glass","og_description":"Would you like to add a new atmosphere to your personal garden or commercial establishment with the Winter Garden and enjoy every season with this? These structures, called the Winter Garden, offer you this opportunity. These structures, which easily adapt to any kind of garden and space and can be designed and applied specially for [&hellip;]","og_url":"https:\/\/www.inorma.com.tr\/english\/winter-garden\/","og_site_name":"Turkey Retractable Pergola, Bioclimatic Pergola, Guillotine Glass","article_modified_time":"2020-07-02T23:11:32+00:00","twitter_card":"summary_large_image","twitter_misc":{"Est. reading time":"2 minutes"},"schema":{"@context":"https:\/\/schema.org","@graph":[{"@type":"WebPage","@id":"https:\/\/www.inorma.com.tr\/english\/winter-garden\/","url":"https:\/\/www.inorma.com.tr\/english\/winter-garden\/","name":"Winter Garden - Turkey Retractable Pergola, Bioclimatic Pergola, Guillotine Glass","isPartOf":{"@id":"https:\/\/www.inorma.com.tr\/english\/#website"},"datePublished":"2020-05-11T05:58:47+00:00","dateModified":"2020-07-02T23:11:32+00:00","breadcrumb":{"@id":"https:\/\/www.inorma.com.tr\/english\/winter-garden\/#breadcrumb"},"inLanguage":"en-US","potentialAction":[{"@type":"ReadAction","target":["https:\/\/www.inorma.com.tr\/english\/winter-garden\/"]}]},{"@type":"BreadcrumbList","@id":"https:\/\/www.inorma.com.tr\/english\/winter-garden\/#breadcrumb","itemListElement":[{"@type":"ListItem","position":1,"name":"Ana sayfa","item":"https:\/\/www.inorma.com.tr\/english\/"},{"@type":"ListItem","position":2,"name":"Winter Garden"}]},{"@type":"WebSite","@id":"https:\/\/www.inorma.com.tr\/english\/#website","url":"https:\/\/www.inorma.com.tr\/english\/","name":"Turkey Retractable Pergola, Bioclimatic Pergola, Guillotine Glass","description":"Inorma Building Systems","potentialAction":[{"@type":"SearchAction","target":{"@type":"EntryPoint","urlTemplate":"https:\/\/www.inorma.com.tr\/english\/?s={search_term_string}"},"query-input":{"@type":"PropertyValueSpecification","valueRequired":true,"valueName":"search_term_string"}}],"inLanguage":"en-US"}]}},"jetpack_sharing_enabled":true,"_links":{"self":[{"href":"https:\/\/www.inorma.com.tr\/english\/wp-json\/wp\/v2\/pages\/448","targetHints":{"allow":["GET"]}}],"collection":[{"href":"https:\/\/www.inorma.com.tr\/english\/wp-json\/wp\/v2\/pages"}],"about":[{"href":"https:\/\/www.inorma.com.tr\/english\/wp-json\/wp\/v2\/types\/page"}],"author":[{"embeddable":true,"href":"https:\/\/www.inorma.com.tr\/english\/wp-json\/wp\/v2\/users\/2"}],"replies":[{"embeddable":true,"href":"https:\/\/www.inorma.com.tr\/english\/wp-json\/wp\/v2\/comments?post=448"}],"version-history":[{"count":6,"href":"https:\/\/www.inorma.com.tr\/english\/wp-json\/wp\/v2\/pages\/448\/revisions"}],"predecessor-version":[{"id":6027,"href":"https:\/\/www.inorma.com.tr\/english\/wp-json\/wp\/v2\/pages\/448\/revisions\/6027"}],"wp:attachment":[{"href":"https:\/\/www.inorma.com.tr\/english\/wp-json\/wp\/v2\/media?parent=448"}],"curies":[{"name":"wp","href":"https:\/\/api.w.org\/{rel}","templated":true}]}}